{"id":264,"date":"2025-04-09T01:44:52","date_gmt":"2025-04-09T01:44:52","guid":{"rendered":"https:\/\/condominioterrazas.cl\/home\/?page_id=264"},"modified":"2025-04-19T03:31:40","modified_gmt":"2025-04-19T03:31:40","slug":"administracion","status":"publish","type":"page","link":"https:\/\/losnidales.cl\/home\/index.php\/administracion\/","title":{"rendered":"Administraci\u00f3n"},"content":{"rendered":"<p>La empresa <strong>Administraci\u00f3n Urbana<\/strong>, lleva 10 a\u00f1os administrando condominios en el sector de piedra roja, Chicureo. El medio de comunicaci\u00f3n oficial es el correo electr\u00f3nico <strong>condominiolosnidalespy@gmail.com<\/strong> \u00a0&#8211; Este correo permite llevar la trazabilidad de los levantamientos y reclamos realizados por los residentes.<\/p>\n<p><strong>Los comprobantes de pagos tambi\u00e9n deben ser enviados a ese correo.<\/strong><\/p>\n<p><strong>Los datos de la cuenta corriente del condominio siguen siendo los mismos. No se han generado cambios en las cuentas bancarias.<\/strong><\/p>\n<ul style=\"text-align: center;\">\n<li style=\"text-align: left;\"><strong>Correo de administraci\u00f3n:<\/strong> condominiolosnidalespy@gmail.com<\/li>\n<li style=\"text-align: left;\"><strong>SLA m\u00e1ximo de respuesta en correo anterior:<\/strong> 72 horas.<\/li>\n<li style=\"text-align: left;\">Administrador del condominio:<\/li>\n<\/ul>\n<p>&nbsp;<\/p>\n<p><img loading=\"lazy\" decoding=\"async\" class=\"wp-image-7 aligncenter\" src=\"https:\/\/bordeblanco.cl\/home\/wp-content\/uploads\/2024\/05\/1-812x1024-1-768x969-1.jpeg\" sizes=\"auto, (max-width: 150px) 100vw, 150px\" srcset=\"https:\/\/bordeblanco.cl\/home\/wp-content\/uploads\/2024\/05\/1-812x1024-1-768x969-1.jpeg 768w, https:\/\/bordeblanco.cl\/home\/wp-content\/uploads\/2024\/05\/1-812x1024-1-768x969-1-238x300.jpeg 238w\" alt=\"\" width=\"150\" height=\"189\" \/><\/p>\n<p style=\"text-align: center;\"><em><strong>Rossana\u00a0<\/strong><\/em><b><i>Mu\u00f1oz\u00a0<\/i><\/b><\/p>\n<p style=\"text-align: center;\">Correo: rmunoz@aurbana.cl<\/p>\n<p style=\"text-align: center;\"><strong>Administrador<\/strong><\/p>\n","protected":false},"excerpt":{"rendered":"<p>La empresa Administraci\u00f3n Urbana, lleva 10 a\u00f1os administrando condominios en el sector de piedra roja,&#8230;<\/p>\n","protected":false},"author":1,"featured_media":232,"parent":0,"menu_order":0,"comment_status":"closed","ping_status":"closed","template":"","meta":{"footnotes":""},"class_list":["post-264","page","type-page","status-publish","has-post-thumbnail","hentry"],"_links":{"self":[{"href":"https:\/\/losnidales.cl\/home\/index.php\/wp-json\/wp\/v2\/pages\/264","targetHints":{"allow":["GET"]}}],"collection":[{"href":"https:\/\/losnidales.cl\/home\/index.php\/wp-json\/wp\/v2\/pages"}],"about":[{"href":"https:\/\/losnidales.cl\/home\/index.php\/wp-json\/wp\/v2\/types\/page"}],"author":[{"embeddable":true,"href":"https:\/\/losnidales.cl\/home\/index.php\/wp-json\/wp\/v2\/users\/1"}],"replies":[{"embeddable":true,"href":"https:\/\/losnidales.cl\/home\/index.php\/wp-json\/wp\/v2\/comments?post=264"}],"version-history":[{"count":5,"href":"https:\/\/losnidales.cl\/home\/index.php\/wp-json\/wp\/v2\/pages\/264\/revisions"}],"predecessor-version":[{"id":309,"href":"https:\/\/losnidales.cl\/home\/index.php\/wp-json\/wp\/v2\/pages\/264\/revisions\/309"}],"wp:featuredmedia":[{"embeddable":true,"href":"https:\/\/losnidales.cl\/home\/index.php\/wp-json\/wp\/v2\/media\/232"}],"wp:attachment":[{"href":"https:\/\/losnidales.cl\/home\/index.php\/wp-json\/wp\/v2\/media?parent=264"}],"curies":[{"name":"wp","href":"https:\/\/api.w.org\/{rel}","templated":true}]}}